{"id":540,"date":"2019-03-13T13:13:15","date_gmt":"2019-03-13T13:13:15","guid":{"rendered":"https:\/\/www.arbitro.eu\/?page_id=540"},"modified":"2021-03-24T10:12:18","modified_gmt":"2021-03-24T10:12:18","slug":"inicio","status":"publish","type":"page","link":"https:\/\/www.arbitro.eu\/es\/","title":{"rendered":"Inicio"},"content":{"rendered":"","protected":false},"excerpt":{"rendered":"","protected":false},"author":1,"featured_media":0,"parent":0,"menu_order":0,"comment_status":"closed","ping_status":"open","template":"","meta":{"footnotes":""},"class_list":["post-540","page","type-page","status-publish","hentry"],"yoast_head":"<!-- This site is optimized with the Yoast SEO plugin v27.4 - https:\/\/yoast.com\/product\/yoast-seo-wordpress\/ -->\n<title>ANTONIO S\u00c1NCHEZ-PEDRE\u00d1O, arbitro.<\/title>\n<meta name=\"description\" content=\"Arbitraje especializado en adquisiciones y fusiones internacionales, operaciones de financiaci\u00f3n e inversi\u00f3n\" \/>\n<meta name=\"robots\" content=\"index, follow, max-snippet:-1, max-image-preview:large, max-video-preview:-1\" \/>\n<link rel=\"canonical\" href=\"https:\/\/www.arbitro.eu\/es\/\" \/>\n<meta property=\"og:locale\" content=\"es_ES\" \/>\n<meta property=\"og:type\" content=\"article\" \/>\n<meta property=\"og:title\" content=\"ANTONIO S\u00c1NCHEZ-PEDRE\u00d1O, arbitro.\" \/>\n<meta property=\"og:description\" content=\"Arbitraje especializado en adquisiciones y fusiones internacionales, operaciones de financiaci\u00f3n e inversi\u00f3n\" \/>\n<meta property=\"og:url\" content=\"https:\/\/www.arbitro.eu\/es\/\" \/>\n<meta property=\"og:site_name\" content=\"Antonio S\u00e1nchez Pedre\u00f1o\" \/>\n<meta property=\"article:modified_time\" content=\"2021-03-24T10:12:18+00:00\" \/>\n<meta name=\"twitter:card\" content=\"summary_large_image\" \/>\n<script type=\"application\/ld+json\" class=\"yoast-schema-graph\">{\"@context\":\"https:\\\/\\\/schema.org\",\"@graph\":[{\"@type\":\"WebPage\",\"@id\":\"https:\\\/\\\/www.arbitro.eu\\\/es\\\/\",\"url\":\"https:\\\/\\\/www.arbitro.eu\\\/es\\\/\",\"name\":\"ANTONIO S\u00c1NCHEZ-PEDRE\u00d1O, arbitro.\",\"isPartOf\":{\"@id\":\"https:\\\/\\\/www.arbitro.eu\\\/#website\"},\"datePublished\":\"2019-03-13T13:13:15+00:00\",\"dateModified\":\"2021-03-24T10:12:18+00:00\",\"description\":\"Arbitraje especializado en adquisiciones y fusiones internacionales, operaciones de financiaci\u00f3n e inversi\u00f3n\",\"breadcrumb\":{\"@id\":\"https:\\\/\\\/www.arbitro.eu\\\/es\\\/#breadcrumb\"},\"inLanguage\":\"es\",\"potentialAction\":[{\"@type\":\"ReadAction\",\"target\":[\"https:\\\/\\\/www.arbitro.eu\\\/es\\\/\"]}]},{\"@type\":\"BreadcrumbList\",\"@id\":\"https:\\\/\\\/www.arbitro.eu\\\/es\\\/#breadcrumb\",\"itemListElement\":[{\"@type\":\"ListItem\",\"position\":1,\"name\":\"Portada\",\"item\":\"https:\\\/\\\/www.arbitro.eu\\\/es\\\/\"},{\"@type\":\"ListItem\",\"position\":2,\"name\":\"Inicio\"}]},{\"@type\":\"WebSite\",\"@id\":\"https:\\\/\\\/www.arbitro.eu\\\/#website\",\"url\":\"https:\\\/\\\/www.arbitro.eu\\\/\",\"name\":\"Antonio S\u00e1nchez Pedre\u00f1o\",\"description\":\"\u00c1rbitro con experiencia en adquisiciones internacionales.\",\"potentialAction\":[{\"@type\":\"SearchAction\",\"target\":{\"@type\":\"EntryPoint\",\"urlTemplate\":\"https:\\\/\\\/www.arbitro.eu\\\/?s={search_term_string}\"},\"query-input\":{\"@type\":\"PropertyValueSpecification\",\"valueRequired\":true,\"valueName\":\"search_term_string\"}}],\"inLanguage\":\"es\"}]}<\/script>\n<!-- \/ Yoast SEO plugin. -->","yoast_head_json":{"title":"ANTONIO S\u00c1NCHEZ-PEDRE\u00d1O, arbitro.","description":"Arbitraje especializado en adquisiciones y fusiones internacionales, operaciones de financiaci\u00f3n e inversi\u00f3n","robots":{"index":"index","follow":"follow","max-snippet":"max-snippet:-1","max-image-preview":"max-image-preview:large","max-video-preview":"max-video-preview:-1"},"canonical":"https:\/\/www.arbitro.eu\/es\/","og_locale":"es_ES","og_type":"article","og_title":"ANTONIO S\u00c1NCHEZ-PEDRE\u00d1O, arbitro.","og_description":"Arbitraje especializado en adquisiciones y fusiones internacionales, operaciones de financiaci\u00f3n e inversi\u00f3n","og_url":"https:\/\/www.arbitro.eu\/es\/","og_site_name":"Antonio S\u00e1nchez Pedre\u00f1o","article_modified_time":"2021-03-24T10:12:18+00:00","twitter_card":"summary_large_image","schema":{"@context":"https:\/\/schema.org","@graph":[{"@type":"WebPage","@id":"https:\/\/www.arbitro.eu\/es\/","url":"https:\/\/www.arbitro.eu\/es\/","name":"ANTONIO S\u00c1NCHEZ-PEDRE\u00d1O, arbitro.","isPartOf":{"@id":"https:\/\/www.arbitro.eu\/#website"},"datePublished":"2019-03-13T13:13:15+00:00","dateModified":"2021-03-24T10:12:18+00:00","description":"Arbitraje especializado en adquisiciones y fusiones internacionales, operaciones de financiaci\u00f3n e inversi\u00f3n","breadcrumb":{"@id":"https:\/\/www.arbitro.eu\/es\/#breadcrumb"},"inLanguage":"es","potentialAction":[{"@type":"ReadAction","target":["https:\/\/www.arbitro.eu\/es\/"]}]},{"@type":"BreadcrumbList","@id":"https:\/\/www.arbitro.eu\/es\/#breadcrumb","itemListElement":[{"@type":"ListItem","position":1,"name":"Portada","item":"https:\/\/www.arbitro.eu\/es\/"},{"@type":"ListItem","position":2,"name":"Inicio"}]},{"@type":"WebSite","@id":"https:\/\/www.arbitro.eu\/#website","url":"https:\/\/www.arbitro.eu\/","name":"Antonio S\u00e1nchez Pedre\u00f1o","description":"\u00c1rbitro con experiencia en adquisiciones internacionales.","potentialAction":[{"@type":"SearchAction","target":{"@type":"EntryPoint","urlTemplate":"https:\/\/www.arbitro.eu\/?s={search_term_string}"},"query-input":{"@type":"PropertyValueSpecification","valueRequired":true,"valueName":"search_term_string"}}],"inLanguage":"es"}]}},"_links":{"self":[{"href":"https:\/\/www.arbitro.eu\/es\/wp-json\/wp\/v2\/pages\/540","targetHints":{"allow":["GET"]}}],"collection":[{"href":"https:\/\/www.arbitro.eu\/es\/wp-json\/wp\/v2\/pages"}],"about":[{"href":"https:\/\/www.arbitro.eu\/es\/wp-json\/wp\/v2\/types\/page"}],"author":[{"embeddable":true,"href":"https:\/\/www.arbitro.eu\/es\/wp-json\/wp\/v2\/users\/1"}],"replies":[{"embeddable":true,"href":"https:\/\/www.arbitro.eu\/es\/wp-json\/wp\/v2\/comments?post=540"}],"version-history":[{"count":5,"href":"https:\/\/www.arbitro.eu\/es\/wp-json\/wp\/v2\/pages\/540\/revisions"}],"predecessor-version":[{"id":963,"href":"https:\/\/www.arbitro.eu\/es\/wp-json\/wp\/v2\/pages\/540\/revisions\/963"}],"wp:attachment":[{"href":"https:\/\/www.arbitro.eu\/es\/wp-json\/wp\/v2\/media?parent=540"}],"curies":[{"name":"wp","href":"https:\/\/api.w.org\/{rel}","templated":true}]}}